{"id":9,"date":"2025-06-05T16:00:43","date_gmt":"2025-06-05T14:00:43","guid":{"rendered":"https:\/\/amit-services.fr\/?page_id=9"},"modified":"2025-06-17T15:30:03","modified_gmt":"2025-06-17T13:30:03","slug":"amit-services","status":"publish","type":"page","link":"https:\/\/amit-services.fr\/","title":{"rendered":"Pr\u00e9sentation"},"content":{"rendered":"\n<div class=\"wp-block-group is-nowrap is-layout-flex wp-container-core-group-is-layout-ad2f72ca wp-block-group-is-layout-flex\">\n<p><\/p>\n<\/div>\n\n\n\n<p>Nous avons plus de 9 ans d\u2019exp\u00e9rience de projets Anaplan d\u2019envergure en France et \u00e0 l\u2019international.<\/p>\n\n\n\n<p>Nos consultants sont tous seniors avec une double expertise M\u00e9tier et Syst\u00e8mes d\u2019information. Nous travaillons exclusivement sur Anaplan depuis 2016, sur diverses solutions de planification (vente, finance, RH, control de gestion industriel \u2026)<\/p>\n\n\n\n<p><\/p>\n\n\n\n<p><strong>Nos Services<\/strong><\/p>\n\n\n\n<p><\/p>\n\n\n\n<p style=\"font-size:20px\"><strong>Expertise Anaplan<\/strong><\/p>\n\n\n\n<ul class=\"wp-block-list\">\n<li class=\"has-contrast-color has-text-color has-link-color wp-elements-611811459500784bc3073a6b2da4785c\">Projet&nbsp;: Cycle de vie complet d\u2019une application (Design, D\u00e9veloppement, Test, D\u00e9ploiement, Production, Support)<\/li>\n\n\n\n<li>Audit Technique (Volum\u00e9trie, Performance)<\/li>\n\n\n\n<li>Support &amp; Maintenance<\/li>\n\n\n\n<li>Centre d\u2019Expertise Anaplan (Center of Excellence CoE)<br><\/li>\n<\/ul>\n\n\n\n<p style=\"font-size:20px\"><strong>1. Conseil, Cadrage &amp; Conception de solutions Anaplan<\/strong><\/p>\n\n\n\n<ul class=\"wp-block-list\">\n<li>Cadrage fonctionnel et technique des besoins m\u00e9tiers (Finance, Op\u00e9rations, RH, Ventes)<\/li>\n\n\n\n<li>Animation d\u2019ateliers de conception, r\u00e9daction de sp\u00e9cifications, mod\u00e9lisation de processus budg\u00e9taires, pr\u00e9visionnels, d\u2019achats ou d\u2019affectation de co\u00fbts<\/li>\n\n\n\n<li>D\u00e9finition de l\u2019architecture applicative EPM (DataHub, flux, gouvernance, s\u00e9curit\u00e9, performance)<\/li>\n<\/ul>\n\n\n\n<p style=\"font-size:20px\"><strong>2. Int\u00e9gration &amp; D\u00e9ploiement de solutions Anaplan<\/strong><\/p>\n\n\n\n<ul class=\"wp-block-list\">\n<li>Conception et d\u00e9veloppement de mod\u00e8les Anaplan complexes (BOM, forecast ventes, merchandising planning, allocations, etc.)<\/li>\n\n\n\n<li>Int\u00e9gration amont\/aval avec les syst\u00e8mes d&#8217;information via <strong>CloudWorks<\/strong>, <strong>Anaplan Connect<\/strong> ou <strong>API<\/strong><\/li>\n\n\n\n<li>Collaboration \u00e9troite avec les \u00e9quipes m\u00e9tiers et IT pour assurer l\u2019adoption des solutions<\/li>\n<\/ul>\n\n\n\n<p style=\"font-size:20px\"><strong>3. Conduite du changement &amp; Encadrement d&#8217;\u00e9quipes<\/strong><\/p>\n\n\n\n<ul class=\"wp-block-list\">\n<li>Accompagnement des m\u00e9tiers dans la transformation des processus : formation, communication, documentation<\/li>\n\n\n\n<li>Conduite de projets, gouvernance, reporting, gestion des risques<\/li>\n\n\n\n<li>Encadrement et coaching d\u2019\u00e9quipes de Model Builders et consultants<\/li>\n<\/ul>\n\n\n\n<p style=\"font-size:20px\"><strong>4. Pilotage strat\u00e9gique des SI &amp; Expertise Finance\/IT<\/strong><\/p>\n\n\n\n<ul class=\"wp-block-list\">\n<li>Double expertise confirm\u00e9e IT\/Finance (contr\u00f4le de gestion, audit, consolidation, ERP, pilotage budg\u00e9taire IT)<\/li>\n\n\n\n<li>Capacit\u00e9 \u00e0 intervenir sur des probl\u00e9matiques structurantes : sch\u00e9mas directeurs SI, refacturation IT, structuration budg\u00e9taire<\/li>\n<\/ul>\n\n\n\n<p><\/p>\n","protected":false},"excerpt":{"rendered":"<p>Nous avons plus de 9 ans d\u2019exp\u00e9rience de projets Anaplan d\u2019envergure en France et \u00e0 l\u2019international. Nos consultants sont tous seniors avec une double expertise M\u00e9tier et Syst\u00e8mes d\u2019information. Nous travaillons exclusivement sur Anaplan depuis 2016, sur diverses solutions de planification (vente, finance, RH, control de gestion industriel \u2026) Nos Services Expertise Anaplan 1. Conseil, &hellip; <a href=\"https:\/\/amit-services.fr\/\" class=\"more-link\">Continue reading <span class=\"screen-reader-text\">Pr\u00e9sentation<\/span><\/a><\/p>\n","protected":false},"author":1,"featured_media":0,"parent":0,"menu_order":0,"comment_status":"closed","ping_status":"closed","template":"","meta":{"footnotes":""},"class_list":["post-9","page","type-page","status-publish","hentry"],"_links":{"self":[{"href":"https:\/\/amit-services.fr\/index.php\/wp-json\/wp\/v2\/pages\/9","targetHints":{"allow":["GET"]}}],"collection":[{"href":"https:\/\/amit-services.fr\/index.php\/wp-json\/wp\/v2\/pages"}],"about":[{"href":"https:\/\/amit-services.fr\/index.php\/wp-json\/wp\/v2\/types\/page"}],"author":[{"embeddable":true,"href":"https:\/\/amit-services.fr\/index.php\/wp-json\/wp\/v2\/users\/1"}],"replies":[{"embeddable":true,"href":"https:\/\/amit-services.fr\/index.php\/wp-json\/wp\/v2\/comments?post=9"}],"version-history":[{"count":6,"href":"https:\/\/amit-services.fr\/index.php\/wp-json\/wp\/v2\/pages\/9\/revisions"}],"predecessor-version":[{"id":32,"href":"https:\/\/amit-services.fr\/index.php\/wp-json\/wp\/v2\/pages\/9\/revisions\/32"}],"wp:attachment":[{"href":"https:\/\/amit-services.fr\/index.php\/wp-json\/wp\/v2\/media?parent=9"}],"curies":[{"name":"wp","href":"https:\/\/api.w.org\/{rel}","templated":true}]}}